{"id":4372,"date":"2024-05-24T13:56:19","date_gmt":"2024-05-24T11:56:19","guid":{"rendered":"https:\/\/thaimai.pl\/?page_id=4372"},"modified":"2026-03-15T17:08:56","modified_gmt":"2026-03-15T16:08:56","slug":"preisliste","status":"publish","type":"page","link":"https:\/\/thaimai.pl\/de\/preisliste\/","title":{"rendered":"Preisliste"},"content":{"rendered":"<div class=\"fusion-fullwidth fullwidth-box fusion-builder-row-1 fusion-flex-container has-pattern-background has-mask-background nonhundred-percent-fullwidth non-hundred-percent-height-scrolling\" style=\"--awb-background-position:left top;--awb-background-repeat:repeat-x;--awb-border-radius-top-left:15px;--awb-border-radius-top-right:15px;--awb-border-radius-bottom-right:15px;--awb-border-radius-bottom-left:15px;--awb-overflow:hidden;--awb-padding-bottom:40px;--awb-padding-right-small:10px;--awb-padding-left-small:10px;--awb-margin-top:60px;--awb-margin-top-small:100px;--awb-background-size:cover;--awb-flex-wrap:wrap;\" id=\"cennik\" ><div class=\"fusion-builder-row fusion-row fusion-flex-align-items-flex-start fusion-flex-content-wrap\" style=\"max-width:1216.8px;margin-left: calc(-4% \/ 2 );margin-right: calc(-4% \/ 2 );\"><div class=\"fusion-layout-column fusion_builder_column fusion-builder-column-0 fusion_builder_column_1_1 1_1 fusion-flex-column\" style=\"--awb-padding-top:40px;--awb-padding-right:20px;--awb-padding-bottom:40px;--awb-padding-left:20px;--awb-padding-right-small:10px;--awb-padding-left-small:10px;--awb-overflow:hidden;--awb-bg-color:rgba(246,226,174,0.85);--awb-bg-color-hover:rgba(246,226,174,0.85);--awb-bg-size:cover;--awb-border-radius:15px 15px 15px 15px;--awb-width-large:100%;--awb-margin-top-large:40px;--awb-spacing-right-large:1.92%;--awb-margin-bottom-large:20px;--awb-spacing-left-large:1.92%;--awb-width-medium:100%;--awb-order-medium:0;--awb-spacing-right-medium:1.92%;--awb-spacing-left-medium:1.92%;--awb-width-small:100%;--awb-order-small:0;--awb-spacing-right-small:1.92%;--awb-spacing-left-small:1.92%;\" data-motion-effects=\"[{&quot;type&quot;:&quot;&quot;,&quot;scroll_type&quot;:&quot;transition&quot;,&quot;scroll_direction&quot;:&quot;up&quot;,&quot;transition_speed&quot;:&quot;1&quot;,&quot;fade_type&quot;:&quot;in&quot;,&quot;scale_type&quot;:&quot;up&quot;,&quot;initial_scale&quot;:&quot;1&quot;,&quot;max_scale&quot;:&quot;1.5&quot;,&quot;min_scale&quot;:&quot;0.5&quot;,&quot;initial_rotate&quot;:&quot;0&quot;,&quot;end_rotate&quot;:&quot;30&quot;,&quot;initial_blur&quot;:&quot;0&quot;,&quot;end_blur&quot;:&quot;3&quot;,&quot;start_element&quot;:&quot;top&quot;,&quot;start_viewport&quot;:&quot;bottom&quot;,&quot;end_element&quot;:&quot;bottom&quot;,&quot;end_viewport&quot;:&quot;top&quot;,&quot;mouse_effect&quot;:&quot;track&quot;,&quot;mouse_effect_direction&quot;:&quot;opposite&quot;,&quot;mouse_effect_speed&quot;:&quot;2&quot;,&quot;infinite_animation&quot;:&quot;float&quot;,&quot;infinite_animation_speed&quot;:&quot;2&quot;}]\" data-scroll-devices=\"small-visibility,medium-visibility,large-visibility\"><div class=\"fusion-column-wrapper fusion-column-has-shadow fusion-flex-justify-content-flex-start fusion-content-layout-column\"><div class=\"fusion-image-element fusion-no-small-visibility fusion-no-medium-visibility\" style=\"text-align:center;--awb-max-width:100px;--awb-caption-title-font-family:var(--h2_typography-font-family);--awb-caption-title-font-weight:var(--h2_typography-font-weight);--awb-caption-title-font-style:var(--h2_typography-font-style);--awb-caption-title-size:var(--h2_typography-font-size);--awb-caption-title-transform:var(--h2_typography-text-transform);--awb-caption-title-line-height:var(--h2_typography-line-height);--awb-caption-title-letter-spacing:var(--h2_typography-letter-spacing);\"><span class=\" fusion-imageframe imageframe-none imageframe-1 hover-type-none\"><img decoding=\"async\" src=\"data:image\/gif;base64,R0lGODlhAQABAAAAACH5BAEKAAEALAAAAAABAAEAAAICTAEAOw==\" data-orig-src=\"https:\/\/sopot.thaimai.pl\/wp-content\/uploads\/2023\/06\/Thai_Mai_logo_ciemne_drzewo-200x168.png\" alt class=\"lazyload img-responsive\"\/><\/span><\/div><div class=\"fusion-title title fusion-title-1 fusion-title-center fusion-title-text fusion-title-size-one\" style=\"--awb-text-color:var(--awb-color5);--awb-margin-top:20px;--awb-margin-bottom:20px;--awb-font-size:32px;\"><div class=\"title-sep-container title-sep-container-left\"><div class=\"title-sep sep- sep-solid\" style=\"border-color:hsla(var(--awb-color1-h),var(--awb-color1-s),var(--awb-color1-l),calc( var(--awb-color1-a) - 80% ));\"><\/div><\/div><span class=\"awb-title-spacer\"><\/span><h1 class=\"fusion-title-heading title-heading-center fusion-responsive-typography-calculated\" style=\"font-family:&quot;Cinzel&quot;;font-style:normal;font-weight:400;margin:0;font-size:1em;--fontSize:32;line-height:var(--awb-typography1-line-height);\">Preisliste<\/h1><span class=\"awb-title-spacer\"><\/span><div class=\"title-sep-container title-sep-container-right\"><div class=\"title-sep sep- sep-solid\" style=\"border-color:hsla(var(--awb-color1-h),var(--awb-color1-s),var(--awb-color1-l),calc( var(--awb-color1-a) - 80% ));\"><\/div><\/div><\/div><div class=\"fusion-title title fusion-title-2 fusion-title-center fusion-title-text fusion-title-size-two\" style=\"--awb-text-color:var(--awb-color5);--awb-font-size:21px;\"><div class=\"title-sep-container title-sep-container-left\"><div class=\"title-sep sep- sep-solid\" style=\"border-color:hsla(var(--awb-color1-h),var(--awb-color1-s),var(--awb-color1-l),calc( var(--awb-color1-a) - 80% ));\"><\/div><\/div><span class=\"awb-title-spacer\"><\/span><h2 class=\"fusion-title-heading title-heading-center fusion-responsive-typography-calculated\" style=\"font-family:&quot;Mukta&quot;;font-style:normal;font-weight:700;margin:0;font-size:1em;text-transform:uppercase;--fontSize:21;--minFontSize:21;line-height:1.1;\"><strong>Massagen<\/strong><\/h2><span class=\"awb-title-spacer\"><\/span><div class=\"title-sep-container title-sep-container-right\"><div class=\"title-sep sep- sep-solid\" style=\"border-color:hsla(var(--awb-color1-h),var(--awb-color1-s),var(--awb-color1-l),calc( var(--awb-color1-a) - 80% ));\"><\/div><\/div><\/div>\n<div>\n<table class=\"table-\" style=\"width: 100%; height: 360px;\" width=\"100%\">\n<tbody>\n<tr style=\"height: 24px;\">\n<td style=\"height: 24px;\" align=\"left\"><a href=\"https:\/\/sopot.thaimai.pl\/produkt\/tajski-masaz-stop-i-nog\/\"><a href=\"https:\/\/thaimai.pl\/de\/produkt\/thailaendische-rueckenmassage\/\">Thail\u00e4ndische R\u00fcckenmassage<\/a>\u00a0 (1h)<\/a><\/td>\n<td style=\"height: 24px;\" align=\"left\">229 z\u0142<\/td>\n<\/tr>\n<tr style=\"height: 24px;\">\n<td style=\"height: 24px;\"><a href=\"https:\/\/thaimai.pl\/de\/produkt\/thailaendische-fuss-und-beinmassage\/\">Thail\u00e4ndische Fu\u00df und Beinmassage<\/a> (1h)<\/td>\n<td style=\"height: 24px;\">229 z\u0142<\/td>\n<\/tr>\n<tr style=\"height: 24px;\">\n<td style=\"height: 24px;\"><a href=\"https:\/\/thaimai.pl\/de\/produkt\/klassische-thai-massage\/\">Klassische Thai-Massage<\/a> (1h)<\/td>\n<td style=\"height: 24px;\">229 z\u0142<\/td>\n<\/tr>\n<tr style=\"height: 24px;\">\n<td style=\"height: 24px;\"><a href=\"https:\/\/thaimai.pl\/de\/produkt\/aromatische-thai-oel-massage\/\">Aromatische Thai-\u00d6l-Massage<\/a> (1h)<\/td>\n<td style=\"height: 24px;\">289 z\u0142<\/td>\n<\/tr>\n<tr style=\"height: 24px;\">\n<td style=\"height: 24px;\"><a href=\"https:\/\/thaimai.pl\/de\/produkt\/balinesische-massage\/\">Balinesische Massage<\/a> (1h)<\/td>\n<td style=\"height: 24px;\">299 z\u0142<\/td>\n<\/tr>\n<tr style=\"height: 24px;\">\n<td style=\"height: 24px;\"><a href=\"https:\/\/thaimai.pl\/de\/produkt\/lomi-lomi-massage\/\">Lomi Lomi Massage<\/a> (1h)<\/td>\n<td style=\"height: 24px;\">299 z\u0142<\/td>\n<\/tr>\n<tr style=\"height: 24px;\">\n<td style=\"height: 24px;\"><a href=\"https:\/\/thaimai.pl\/de\/produkt\/shiatsu-massage\/\">Shiatsu Massage<\/a> (1h)<\/td>\n<td style=\"height: 24px;\">299 z\u0142<\/td>\n<\/tr>\n<tr style=\"height: 24px;\">\n<td style=\"height: 24px;\"><a href=\"https:\/\/thaimai.pl\/de\/produkt\/thailaendische-massage-mit-heissem-kokosnussoel\/\">Thail\u00e4ndische Massage mit hei\u00dfem Kokosnuss\u00f6l<\/a> (1h)<\/td>\n<td style=\"height: 24px;\">319 z\u0142<\/td>\n<\/tr>\n<tr style=\"height: 24px;\">\n<td style=\"height: 24px;\"><a href=\"https:\/\/thaimai.pl\/de\/produkt\/thailaendische-anti-cellulite-massage\/\">Thail\u00e4ndische Anti-Cellulite-Massage<\/a> (1h)<\/td>\n<td style=\"height: 24px;\">319 z\u0142<\/td>\n<\/tr>\n<tr style=\"height: 24px;\">\n<td style=\"height: 24px;\"><a href=\"https:\/\/thaimai.pl\/de\/produkt\/thailaendische-sportmassage\/\">Thail\u00e4ndische Sportmassage<\/a> (1h)<\/td>\n<td style=\"height: 24px;\">319 z\u0142<\/td>\n<\/tr>\n<tr style=\"height: 24px;\">\n<td style=\"height: 24px;\"><a href=\"https:\/\/thaimai.pl\/de\/produkt\/thailaendische-aloe-vera-massage\/\">Thail\u00e4ndische Aloe Vera Massage<\/a> (1h)<\/td>\n<td style=\"height: 24px;\">329 z\u0142<\/td>\n<\/tr>\n<tr style=\"height: 24px;\">\n<td style=\"height: 24px;\"><a href=\"https:\/\/thaimai.pl\/de\/produkt\/thai-kerzen-massage\/\">Thai-Kerzen-Massage<\/a> (1h)<\/td>\n<td style=\"height: 24px;\">339 z\u0142<\/td>\n<\/tr>\n<tr style=\"height: 24px;\">\n<td style=\"height: 24px;\"><a href=\"https:\/\/thaimai.pl\/de\/produkt\/thai-gold-massage-24-kfz\/\">Thai Gold Massage (24 Kfz.)<\/a> (1h)<\/td>\n<td style=\"height: 24px;\">369 z\u0142<\/td>\n<\/tr>\n<tr style=\"height: 24px;\">\n<td style=\"height: 24px;\"><a href=\"https:\/\/thaimai.pl\/de\/produkt\/thailaendische-arganoel-massage\/\">Thail\u00e4ndische Argan\u00f6l-Massage<\/a> (1h)<\/td>\n<td style=\"height: 24px;\">379 z\u0142<\/td>\n<\/tr>\n<tr style=\"height: 24px;\">\n<td style=\"height: 24px;\"><a href=\"https:\/\/thaimai.pl\/de\/produkt\/thailaendische-sesamoel-massage\/\">Thail\u00e4ndische Sesam\u00f6l-Massage<\/a> (1h)<\/td>\n<td style=\"height: 24px;\">379 z\u0142<\/td>\n<\/tr>\n<\/tbody>\n<\/table>\n<\/div>\n<div class=\"fusion-title title fusion-title-3 fusion-title-center fusion-title-text fusion-title-size-two\" style=\"--awb-text-color:var(--awb-color5);--awb-margin-top:40px;--awb-margin-top-small:40px;--awb-font-size:21px;\"><div class=\"title-sep-container title-sep-container-left\"><div class=\"title-sep sep- sep-solid\" style=\"border-color:hsla(var(--awb-color1-h),var(--awb-color1-s),var(--awb-color1-l),calc( var(--awb-color1-a) - 80% ));\"><\/div><\/div><span class=\"awb-title-spacer\"><\/span><h2 class=\"fusion-title-heading title-heading-center fusion-responsive-typography-calculated\" style=\"font-family:&quot;Mukta&quot;;font-style:normal;font-weight:700;margin:0;font-size:1em;text-transform:uppercase;--fontSize:21;--minFontSize:21;line-height:1.1;\"><strong>Pakete<\/strong><\/h2><span class=\"awb-title-spacer\"><\/span><div class=\"title-sep-container title-sep-container-right\"><div class=\"title-sep sep- sep-solid\" style=\"border-color:hsla(var(--awb-color1-h),var(--awb-color1-s),var(--awb-color1-l),calc( var(--awb-color1-a) - 80% ));\"><\/div><\/div><\/div>\n<div>\n<table width=\"100%\">\n<tbody>\n<tr style=\"height: 23px;\">\n<td style=\"height: 23px; width: 64.8772%;\" align=\"left\"><a href=\"https:\/\/thaimai.pl\/de\/produkt\/klassische-thai-massage-fuesse-oder-ruecken\/\">Klassische Thai-Massage + F\u00fc\u00dfe oder R\u00fccken<\/a> (2h)<\/td>\n<td style=\"height: 23px; width: 34.3949%; text-align: right;\" align=\"left\">369 z\u0142<\/td>\n<\/tr>\n<tr style=\"height: 24px;\">\n<td style=\"height: 23px; width: 64.8772%;\"><a href=\"https:\/\/thaimai.pl\/de\/produkt\/thai-aromaoel-fuss-oder-rueckenmassage\/\">Thai-Aroma\u00f6l + Fu\u00df- oder R\u00fcckenmassage<\/a> (2h)<\/td>\n<td style=\"height: 23px; width: 34.3949%; text-align: right;\">409 z\u0142<\/td>\n<\/tr>\n<tr style=\"height: 24px;\">\n<td style=\"height: 24px; width: 64.8772%;\"><a href=\"https:\/\/thaimai.pl\/de\/produkt\/klassische-thai-massage-aromaoel\/\">Klassische Thai-Massage + Aroma\u00f6l<\/a> (2h)<\/td>\n<td style=\"height: 24px; width: 34.3949%; text-align: right;\">409 z\u0142<\/td>\n<\/tr>\n<tr style=\"height: 24px;\">\n<td style=\"height: 24px; width: 64.8772%;\"><a href=\"https:\/\/thaimai.pl\/de\/produkt\/thai-hot-coconut-oil-fuss-oder-rueckenmassage\/\">Thai Hot Coconut Oil + Fu\u00df- oder R\u00fcckenmassage<\/a> (2h)<\/td>\n<td style=\"height: 24px; width: 34.3949%; text-align: right;\">439 z\u0142<\/td>\n<\/tr>\n<tr style=\"height: 24px;\">\n<td style=\"height: 24px; width: 64.8772%;\"><a href=\"https:\/\/thaimai.pl\/de\/produkt\/klassische-thai-massage-kokosnussoel\/\">Klassische Thai-Massage + Kokosnuss\u00f6l<\/a> (2h)<\/td>\n<td style=\"height: 24px; width: 34.3949%; text-align: right;\">439 z\u0142<\/td>\n<\/tr>\n<tr style=\"height: 24px;\">\n<td style=\"height: 24px; width: 64.8772%;\"><a href=\"https:\/\/thaimai.pl\/de\/produkt\/thai-kraeuterstempel-massage\/\">Thai Kr\u00e4uterstempel Massage<\/a> (2h)<\/td>\n<td style=\"height: 24px; width: 34.3949%; text-align: right;\">499 z\u0142<\/td>\n<\/tr>\n<tr style=\"height: 24px;\">\n<td style=\"height: 24px; width: 64.8772%;\"><a href=\"https:\/\/thaimai.pl\/de\/produkt\/klassische-thai-massage-arganoel\/\">Klassische Thai-Massage + Argan\u00f6l<\/a> (2h)<\/td>\n<td style=\"height: 24px; width: 34.3949%; text-align: right;\">479 z\u0142<\/td>\n<\/tr>\n<\/tbody>\n<\/table>\n<\/div>\n<div class=\"fusion-text fusion-text-1\" style=\"--awb-margin-top:60px;\"><p>*Alle angegebenen Preise sind Bruttopreise und gelten f\u00fcr die Massage einer Person.*Alle angegebenen Preise sind Bruttopreise und beziehen sich auf die Massage einer Person<\/p>\n<\/div><\/div><\/div><\/div><\/div>\n","protected":false},"excerpt":{"rendered":"","protected":false},"author":1,"featured_media":0,"parent":0,"menu_order":0,"comment_status":"closed","ping_status":"closed","template":"100-width.php","meta":{"footnotes":""},"class_list":["post-4372","page","type-page","status-publish","hentry"],"_links":{"self":[{"href":"https:\/\/thaimai.pl\/de\/wp-json\/wp\/v2\/pages\/4372","targetHints":{"allow":["GET"]}}],"collection":[{"href":"https:\/\/thaimai.pl\/de\/wp-json\/wp\/v2\/pages"}],"about":[{"href":"https:\/\/thaimai.pl\/de\/wp-json\/wp\/v2\/types\/page"}],"author":[{"embeddable":true,"href":"https:\/\/thaimai.pl\/de\/wp-json\/wp\/v2\/users\/1"}],"replies":[{"embeddable":true,"href":"https:\/\/thaimai.pl\/de\/wp-json\/wp\/v2\/comments?post=4372"}],"version-history":[{"count":5,"href":"https:\/\/thaimai.pl\/de\/wp-json\/wp\/v2\/pages\/4372\/revisions"}],"predecessor-version":[{"id":4634,"href":"https:\/\/thaimai.pl\/de\/wp-json\/wp\/v2\/pages\/4372\/revisions\/4634"}],"wp:attachment":[{"href":"https:\/\/thaimai.pl\/de\/wp-json\/wp\/v2\/media?parent=4372"}],"curies":[{"name":"wp","href":"https:\/\/api.w.org\/{rel}","templated":true}]}}